{"id":16213,"date":"2017-03-27T15:15:34","date_gmt":"2017-03-27T13:15:34","guid":{"rendered":"http:\/\/www.dolmetschteam.de\/veranstaltungs-organisation\/"},"modified":"2023-09-15T15:18:43","modified_gmt":"2023-09-15T13:18:43","slug":"organisation-de-manifestations","status":"publish","type":"page","link":"https:\/\/www.dolmetschteam.de\/fr\/organisation-de-manifestations\/","title":{"rendered":"Organisation de manifestations"},"content":{"rendered":"<div class=\"wpb-content-wrapper\"><p>[vc_row css_animation=\u00a0\u00bb\u00a0\u00bb row_type=\u00a0\u00bbrow\u00a0\u00bb use_row_as_full_screen_section=\u00a0\u00bbno\u00a0\u00bb type=\u00a0\u00bbfull_width\u00a0\u00bb angled_section=\u00a0\u00bbno\u00a0\u00bb text_align=\u00a0\u00bbleft\u00a0\u00bb background_image_as_pattern=\u00a0\u00bbwithout_pattern\u00a0\u00bb][vc_column][vc_column_text]<\/p>\n<h1>Un seul fournisseur pour toutes les prestations<\/h1>\n<p>[\/vc_column_text][\/vc_column][\/vc_row][vc_row css_animation=\u00a0\u00bb\u00a0\u00bb row_type=\u00a0\u00bbrow\u00a0\u00bb use_row_as_full_screen_section=\u00a0\u00bbno\u00a0\u00bb type=\u00a0\u00bbfull_width\u00a0\u00bb angled_section=\u00a0\u00bbno\u00a0\u00bb text_align=\u00a0\u00bbleft\u00a0\u00bb background_image_as_pattern=\u00a0\u00bbwithout_pattern\u00a0\u00bb css=\u00a0\u00bb.vc_custom_1490793882561{margin-bottom: 20px !important;}\u00a0\u00bb][vc_column offset=\u00a0\u00bbvc_col-lg-6 vc_col-md-6 vc_col-xs-12&Prime;][vc_column_text]Vous projetez une manifestation multilingue\u00a0? Je serai ravie de vous aider, pour l\u2019organisation et la technique. Travaillant avec des fournisseurs de mat\u00e9riel de conf\u00e9rence soigneusement s\u00e9lectionn\u00e9s, nous sommes en mesure de vous fournir toutes les prestations n\u00e9cessaires \u00e0 la r\u00e9ussite de votre rencontre\u00a0:<\/p>\n<ul>\n<li>Conseil comp\u00e9tent en amont, incluant si n\u00e9cessaire un rep\u00e9rage sur le lieu de l\u2019\u00e9v\u00e9nement<\/li>\n<li>S\u00e9lection de la technique appropri\u00e9e de conf\u00e9rence et de pr\u00e9sentation<\/li>\n<li>Location de la technique, incluant son installation sur le site<\/li>\n<li>Recrutement des interpr\u00e8tes<\/li>\n<li>Encadrement des interpr\u00e8tes et gestion de la technique pendant la manifestation<\/li>\n<li>Facturation finale pour l\u2019ensemble des prestations<\/li>\n<\/ul>\n<p>Pour les interventions \u00ab\u00a0mobiles\u00a0\u00bb, telles que les visites d\u2019usine, nous conseillons notre mat\u00e9riel portatif. La traduction se fait alors en simultan\u00e9, sans cabine.[\/vc_column_text][\/vc_column][vc_column offset=\u00a0\u00bbvc_col-lg-6 vc_col-md-6 vc_col-xs-12&Prime;][vc_single_image image=\u00a0\u00bb15670&Prime; img_size=\u00a0\u00bblarge\u00a0\u00bb add_caption=\u00a0\u00bbyes\u00a0\u00bb qode_css_animation=\u00a0\u00bb\u00a0\u00bb][\/vc_column][\/vc_row][vc_row css_animation=\u00a0\u00bb\u00a0\u00bb row_type=\u00a0\u00bbrow\u00a0\u00bb use_row_as_full_screen_section=\u00a0\u00bbno\u00a0\u00bb type=\u00a0\u00bbfull_width\u00a0\u00bb angled_section=\u00a0\u00bbno\u00a0\u00bb text_align=\u00a0\u00bbleft\u00a0\u00bb background_image_as_pattern=\u00a0\u00bbwithout_pattern\u00a0\u00bb][vc_column][vc_column_text]<\/p>\n<p>[\/vc_column_text][\/vc_column][\/vc_row][vc_row css_animation=\u00a0\u00bb\u00a0\u00bb row_type=\u00a0\u00bbrow\u00a0\u00bb use_row_as_full_screen_section=\u00a0\u00bbno\u00a0\u00bb type=\u00a0\u00bbfull_width\u00a0\u00bb angled_section=\u00a0\u00bbno\u00a0\u00bb text_align=\u00a0\u00bbleft\u00a0\u00bb background_image_as_pattern=\u00a0\u00bbwithout_pattern\u00a0\u00bb][vc_column]<div class=\"container_inner\"><div class=\"call_to_action with_icon\" style=\"background-color: #ffffff;border-top: 1px solid #eeeeee;\"><div class=\"two_columns_75_25 clearfix\"><div class=\"text_wrapper column1\"><div class=\"call_to_action_icon_holder\"><div class=\"call_to_action_icon\"><div class=\"call_to_action_icon_inner\"><i class='fa fa-info-circle pull-left . fa-2x' style=&#039;color: #ff8e2c;&#039;><\/i><\/div><\/div><\/div><div class=\"call_to_action_text \" style=\"\">Vous souhaitez un renseignement ou un devis, sans obligation de votre part\u00a0?<\/div><\/div><div class=\"button_wrapper column2\"><a itemprop=\"url\" href=\"mailto:mail@dolmetschteam.de\" class=\"qbutton white \" target=\"\" style=\"\" >Envoyer votre demande<\/a><\/div><\/div><\/div><\/div>[\/vc_column][\/vc_row]<\/p>\n<\/div>","protected":false},"excerpt":{"rendered":"<p>[vc_row css_animation=\u00a0\u00bb\u00a0\u00bb row_type=\u00a0\u00bbrow\u00a0\u00bb use_row_as_full_screen_section=\u00a0\u00bbno\u00a0\u00bb type=\u00a0\u00bbfull_width\u00a0\u00bb angled_section=\u00a0\u00bbno\u00a0\u00bb text_align=\u00a0\u00bbleft\u00a0\u00bb background_image_as_pattern=\u00a0\u00bbwithout_pattern\u00a0\u00bb][vc_column][vc_column_text] Un seul fournisseur pour toutes les prestations [\/vc_column_text][\/vc_column][\/vc_row][vc_row css_animation=\u00a0\u00bb\u00a0\u00bb row_type=\u00a0\u00bbrow\u00a0\u00bb use_row_as_full_screen_section=\u00a0\u00bbno\u00a0\u00bb type=\u00a0\u00bbfull_width\u00a0\u00bb angled_section=\u00a0\u00bbno\u00a0\u00bb text_align=\u00a0\u00bbleft\u00a0\u00bb background_image_as_pattern=\u00a0\u00bbwithout_pattern\u00a0\u00bb css=\u00a0\u00bb.vc_custom_1490793882561{margin-bottom: 20px !important;}\u00a0\u00bb][vc_column offset=\u00a0\u00bbvc_col-lg-6 vc_col-md-6 vc_col-xs-12&Prime;][vc_column_text]Vous projetez une manifestation multilingue\u00a0? Je serai ravie de vous aider, pour l\u2019organisation et la technique. Travaillant&#8230;<\/p>\n","protected":false},"author":1,"featured_media":0,"parent":0,"menu_order":230,"comment_status":"closed","ping_status":"closed","template":"","meta":{"footnotes":""},"class_list":["post-16213","page","type-page","status-publish","hentry"],"yoast_head":"<!-- This site is optimized with the Yoast SEO plugin v27.2 - https:\/\/yoast.com\/product\/yoast-seo-wordpress\/ -->\n<title>organisation de manifestations, manifestation multilingue: Dolmetschteam<\/title>\n<meta name=\"description\" content=\"Vous projetez une manifestation multilingue ? Je serai ravie de vous aider, pour l\u2019organisation et la technique pour votre \u00e9v\u00e9nement.\" \/>\n<meta name=\"robots\" content=\"index, follow, max-snippet:-1, max-image-preview:large, max-video-preview:-1\" \/>\n<link rel=\"canonical\" href=\"https:\/\/www.dolmetschteam.de\/veranstaltungs-organisation\/\" \/>\n<meta property=\"og:locale\" content=\"fr_FR\" \/>\n<meta property=\"og:type\" content=\"article\" \/>\n<meta property=\"og:title\" content=\"organisation de manifestations, manifestation multilingue: Dolmetschteam\" \/>\n<meta property=\"og:description\" content=\"Vous projetez une manifestation multilingue ? Je serai ravie de vous aider, pour l\u2019organisation et la technique pour votre \u00e9v\u00e9nement.\" \/>\n<meta property=\"og:url\" content=\"https:\/\/www.dolmetschteam.de\/veranstaltungs-organisation\/\" \/>\n<meta property=\"og:site_name\" content=\"Dolmetschteam\" \/>\n<meta property=\"article:modified_time\" content=\"2023-09-15T13:18:43+00:00\" \/>\n<meta name=\"twitter:card\" content=\"summary_large_image\" \/>\n<meta name=\"twitter:label1\" content=\"Dur\u00e9e de lecture estim\u00e9e\" \/>\n\t<meta name=\"twitter:data1\" content=\"2 minutes\" \/>\n<script type=\"application\/ld+json\" class=\"yoast-schema-graph\">{\"@context\":\"https:\/\/schema.org\",\"@graph\":[{\"@type\":\"WebPage\",\"@id\":\"https:\/\/www.dolmetschteam.de\/veranstaltungs-organisation\/\",\"url\":\"https:\/\/www.dolmetschteam.de\/veranstaltungs-organisation\/\",\"name\":\"organisation de manifestations, manifestation multilingue: Dolmetschteam\",\"isPartOf\":{\"@id\":\"https:\/\/www.dolmetschteam.de\/#website\"},\"datePublished\":\"2017-03-27T13:15:34+00:00\",\"dateModified\":\"2023-09-15T13:18:43+00:00\",\"description\":\"Vous projetez une manifestation multilingue ? Je serai ravie de vous aider, pour l\u2019organisation et la technique pour votre \u00e9v\u00e9nement.\",\"breadcrumb\":{\"@id\":\"https:\/\/www.dolmetschteam.de\/veranstaltungs-organisation\/#breadcrumb\"},\"inLanguage\":\"fr-FR\",\"potentialAction\":[{\"@type\":\"ReadAction\",\"target\":[\"https:\/\/www.dolmetschteam.de\/veranstaltungs-organisation\/\"]}]},{\"@type\":\"BreadcrumbList\",\"@id\":\"https:\/\/www.dolmetschteam.de\/veranstaltungs-organisation\/#breadcrumb\",\"itemListElement\":[{\"@type\":\"ListItem\",\"position\":1,\"name\":\"Home\",\"item\":\"https:\/\/www.dolmetschteam.de\/fr\/\"},{\"@type\":\"ListItem\",\"position\":2,\"name\":\"Organisation de manifestations\"}]},{\"@type\":\"WebSite\",\"@id\":\"https:\/\/www.dolmetschteam.de\/#website\",\"url\":\"https:\/\/www.dolmetschteam.de\/\",\"name\":\"Dolmetschteam\",\"description\":\"Professionelle Dolmetscher f\u00fcr Ihre internationale Veranstaltung\",\"potentialAction\":[{\"@type\":\"SearchAction\",\"target\":{\"@type\":\"EntryPoint\",\"urlTemplate\":\"https:\/\/www.dolmetschteam.de\/?s={search_term_string}\"},\"query-input\":{\"@type\":\"PropertyValueSpecification\",\"valueRequired\":true,\"valueName\":\"search_term_string\"}}],\"inLanguage\":\"fr-FR\"}]}<\/script>\n<!-- \/ Yoast SEO plugin. -->","yoast_head_json":{"title":"organisation de manifestations, manifestation multilingue: Dolmetschteam","description":"Vous projetez une manifestation multilingue ? Je serai ravie de vous aider, pour l\u2019organisation et la technique pour votre \u00e9v\u00e9nement.","robots":{"index":"index","follow":"follow","max-snippet":"max-snippet:-1","max-image-preview":"max-image-preview:large","max-video-preview":"max-video-preview:-1"},"canonical":"https:\/\/www.dolmetschteam.de\/veranstaltungs-organisation\/","og_locale":"fr_FR","og_type":"article","og_title":"organisation de manifestations, manifestation multilingue: Dolmetschteam","og_description":"Vous projetez une manifestation multilingue ? Je serai ravie de vous aider, pour l\u2019organisation et la technique pour votre \u00e9v\u00e9nement.","og_url":"https:\/\/www.dolmetschteam.de\/veranstaltungs-organisation\/","og_site_name":"Dolmetschteam","article_modified_time":"2023-09-15T13:18:43+00:00","twitter_card":"summary_large_image","twitter_misc":{"Dur\u00e9e de lecture estim\u00e9e":"2 minutes"},"schema":{"@context":"https:\/\/schema.org","@graph":[{"@type":"WebPage","@id":"https:\/\/www.dolmetschteam.de\/veranstaltungs-organisation\/","url":"https:\/\/www.dolmetschteam.de\/veranstaltungs-organisation\/","name":"organisation de manifestations, manifestation multilingue: Dolmetschteam","isPartOf":{"@id":"https:\/\/www.dolmetschteam.de\/#website"},"datePublished":"2017-03-27T13:15:34+00:00","dateModified":"2023-09-15T13:18:43+00:00","description":"Vous projetez une manifestation multilingue ? Je serai ravie de vous aider, pour l\u2019organisation et la technique pour votre \u00e9v\u00e9nement.","breadcrumb":{"@id":"https:\/\/www.dolmetschteam.de\/veranstaltungs-organisation\/#breadcrumb"},"inLanguage":"fr-FR","potentialAction":[{"@type":"ReadAction","target":["https:\/\/www.dolmetschteam.de\/veranstaltungs-organisation\/"]}]},{"@type":"BreadcrumbList","@id":"https:\/\/www.dolmetschteam.de\/veranstaltungs-organisation\/#breadcrumb","itemListElement":[{"@type":"ListItem","position":1,"name":"Home","item":"https:\/\/www.dolmetschteam.de\/fr\/"},{"@type":"ListItem","position":2,"name":"Organisation de manifestations"}]},{"@type":"WebSite","@id":"https:\/\/www.dolmetschteam.de\/#website","url":"https:\/\/www.dolmetschteam.de\/","name":"Dolmetschteam","description":"Professionelle Dolmetscher f\u00fcr Ihre internationale Veranstaltung","potentialAction":[{"@type":"SearchAction","target":{"@type":"EntryPoint","urlTemplate":"https:\/\/www.dolmetschteam.de\/?s={search_term_string}"},"query-input":{"@type":"PropertyValueSpecification","valueRequired":true,"valueName":"search_term_string"}}],"inLanguage":"fr-FR"}]}},"_links":{"self":[{"href":"https:\/\/www.dolmetschteam.de\/fr\/wp-json\/wp\/v2\/pages\/16213","targetHints":{"allow":["GET"]}}],"collection":[{"href":"https:\/\/www.dolmetschteam.de\/fr\/wp-json\/wp\/v2\/pages"}],"about":[{"href":"https:\/\/www.dolmetschteam.de\/fr\/wp-json\/wp\/v2\/types\/page"}],"author":[{"embeddable":true,"href":"https:\/\/www.dolmetschteam.de\/fr\/wp-json\/wp\/v2\/users\/1"}],"replies":[{"embeddable":true,"href":"https:\/\/www.dolmetschteam.de\/fr\/wp-json\/wp\/v2\/comments?post=16213"}],"version-history":[{"count":4,"href":"https:\/\/www.dolmetschteam.de\/fr\/wp-json\/wp\/v2\/pages\/16213\/revisions"}],"predecessor-version":[{"id":16725,"href":"https:\/\/www.dolmetschteam.de\/fr\/wp-json\/wp\/v2\/pages\/16213\/revisions\/16725"}],"wp:attachment":[{"href":"https:\/\/www.dolmetschteam.de\/fr\/wp-json\/wp\/v2\/media?parent=16213"}],"curies":[{"name":"wp","href":"https:\/\/api.w.org\/{rel}","templated":true}]}}