{"id":16202,"date":"2017-03-27T15:12:28","date_gmt":"2017-03-27T13:12:28","guid":{"rendered":"http:\/\/www.dolmetschteam.de\/leistungen\/"},"modified":"2023-09-15T15:15:46","modified_gmt":"2023-09-15T13:15:46","slug":"prestations","status":"publish","type":"page","link":"https:\/\/www.dolmetschteam.de\/fr\/prestations\/","title":{"rendered":"Prestations"},"content":{"rendered":"<div class=\"wpb-content-wrapper\"><p>[vc_row css_animation=\u00a0\u00bb\u00a0\u00bb row_type=\u00a0\u00bbrow\u00a0\u00bb use_row_as_full_screen_section=\u00a0\u00bbno\u00a0\u00bb type=\u00a0\u00bbfull_width\u00a0\u00bb angled_section=\u00a0\u00bbno\u00a0\u00bb text_align=\u00a0\u00bbleft\u00a0\u00bb background_image_as_pattern=\u00a0\u00bbwithout_pattern\u00a0\u00bb][vc_column][vc_column_text]<\/p>\n<h1>Des interpr\u00e8tes professionnels pour vos rencontres internationales<\/h1>\n<p>[\/vc_column_text][\/vc_column][\/vc_row][vc_row css_animation=\u00a0\u00bb\u00a0\u00bb row_type=\u00a0\u00bbrow\u00a0\u00bb use_row_as_full_screen_section=\u00a0\u00bbno\u00a0\u00bb type=\u00a0\u00bbfull_width\u00a0\u00bb angled_section=\u00a0\u00bbno\u00a0\u00bb text_align=\u00a0\u00bbleft\u00a0\u00bb background_image_as_pattern=\u00a0\u00bbwithout_pattern\u00a0\u00bb][vc_column offset=\u00a0\u00bbvc_col-lg-6 vc_col-md-6 vc_col-xs-12&Prime;][vc_column_text]Une communication optimale entre les participants est la cl\u00e9 de la r\u00e9ussite d\u2019un congr\u00e8s. Une r\u00e9ussite qui ne devrait pas \u00eatre remise en cause par les langues diff\u00e9rentes qui y sont parl\u00e9es, car les interpr\u00e8tes savent v\u00e9hiculer les messages, qui peuvent \u00eatre ainsi compris ais\u00e9ment par chacun.<\/p>\n<p>Interpr\u00e8te de conf\u00e9rence m\u2019appuyant sur de nombreuses ann\u00e9es d\u2019exp\u00e9rience professionnelle, je suis en mesure de vous offrir une panoplie de services pour vous aider \u00e0 organiser vos projets multilingues, qu\u2019il s\u2019agisse d\u2019une r\u00e9union en cercle restreint, d\u2019une manifestation de grande envergure, voire d\u2019un congr\u00e8s international.<\/p>\n<p>Avec DolmetschTeam, vous n\u2019aurez affaire qu\u2019\u00e0 une seule prestataire pour tous les services dont vous aurez besoin\u00a0: depuis la premi\u00e8re consultation jusqu\u2019au d\u00e9compte final, en passant par l\u2019organisation de la manifestation et l\u2019interpr\u00e9tation. Si du mat\u00e9riel s\u2019av\u00e8re n\u00e9cessaire, nous l\u2019apportons avec nous. Ici aussi, les partenaires avec lesquels je travaille sont parmi les meilleurs de la branche. Vous pouvez donc vous reposer sur nous, sachant que tout va se d\u00e9rouler parfaitement \u2013 et vous consacrer pleinement \u00e0 votre \u00e9v\u00e9nement.<\/p>\n<p>Je travaille moi-m\u00eame depuis plus de 20 ans comme interpr\u00e8te de conf\u00e9rence, pour le commerce et l\u2019industrie, pour la t\u00e9l\u00e9vision et le monde politique. Je compte parmi mes clients des PME, des entreprises artisanales, des prestataires de services, des fondations, des services publics, des minist\u00e8res et bien d\u2019autres encore. Je serais heureuse de vous compter \u00e9galement parmi eux.[\/vc_column_text][\/vc_column][vc_column offset=\u00a0\u00bbvc_col-lg-6 vc_col-md-6 vc_col-xs-12&Prime;][vc_single_image image=\u00a0\u00bb15524&Prime; img_size=\u00a0\u00bblarge\u00a0\u00bb qode_css_animation=\u00a0\u00bb\u00a0\u00bb][vc_column_text]<em>Vous, le client, pouvez donc vous reposer sur nous, sachant que tout va se d\u00e9rouler parfaitement \u2013 et vous consacrer pleinement \u00e0 votre \u00e9v\u00e9nement. <\/em>[\/vc_column_text][\/vc_column][\/vc_row][vc_row css_animation=\u00a0\u00bb\u00a0\u00bb row_type=\u00a0\u00bbrow\u00a0\u00bb use_row_as_full_screen_section=\u00a0\u00bbno\u00a0\u00bb type=\u00a0\u00bbfull_width\u00a0\u00bb angled_section=\u00a0\u00bbno\u00a0\u00bb text_align=\u00a0\u00bbleft\u00a0\u00bb background_image_as_pattern=\u00a0\u00bbwithout_pattern\u00a0\u00bb css=\u00a0\u00bb.vc_custom_1490784242992{margin-top: 40px !important;margin-bottom: 20px !important;}\u00a0\u00bb][vc_column width=\u00a0\u00bb1\/2&Prime;][vc_single_image image=\u00a0\u00bb15529&Prime; img_size=\u00a0\u00bblarge\u00a0\u00bb qode_css_animation=\u00a0\u00bb\u00a0\u00bb][vc_column_text]<em>Britta Klapproth : membre de la VKD (Association allemande des interpr\u00e8tes de conf\u00e9rence), membre de l\u2019aiic (Association internationale des interpr\u00e8tes de conf\u00e9rence)<\/em>[\/vc_column_text][\/vc_column][vc_column width=\u00a0\u00bb1\/2&Prime;][vc_column_text]<\/p>\n<h2>Mes prestations :<\/h2>\n<ul>\n<li>Conseil initial et planification de manifestations multilingues, allant de la simple r\u00e9union au congr\u00e8s international<\/li>\n<li>Constitution des \u00e9quipes d\u2019interpr\u00e8tes pour les langues dont vous avez besoin. J\u2019assure moi-m\u00eame l\u2019interpr\u00e9tation en fran\u00e7ais, en anglais et en allemand<\/li>\n<li>Organisation et location du mat\u00e9riel de conf\u00e9rence ad\u00e9quat<\/li>\n<li>Interpr\u00e9tation \u2013 simultan\u00e9e, cons\u00e9cutive, en chuchotage ou de liaison, en fonction de l\u2019\u00e9v\u00e9nement<\/li>\n<li>Coordination des \u00e9quipes pendant la manifestation<\/li>\n<li>Services de suivi et d\u00e9compte final<\/li>\n<\/ul>\n<p>[\/vc_column_text][\/vc_column][\/vc_row][vc_row css_animation=\u00a0\u00bb\u00a0\u00bb row_type=\u00a0\u00bbrow\u00a0\u00bb use_row_as_full_screen_section=\u00a0\u00bbno\u00a0\u00bb type=\u00a0\u00bbfull_width\u00a0\u00bb angled_section=\u00a0\u00bbno\u00a0\u00bb text_align=\u00a0\u00bbleft\u00a0\u00bb background_image_as_pattern=\u00a0\u00bbwithout_pattern\u00a0\u00bb][vc_column]<div class=\"container_inner\"><div class=\"call_to_action with_icon\" style=\"background-color: #ffffff;border-top: 1px solid #eeeeee;\"><div class=\"two_columns_75_25 clearfix\"><div class=\"text_wrapper column1\"><div class=\"call_to_action_icon_holder\"><div class=\"call_to_action_icon\"><div class=\"call_to_action_icon_inner\"><i class='fa fa-info-circle pull-left . fa-2x' style=&#039;color: #ff8e2c;&#039;><\/i><\/div><\/div><\/div><div class=\"call_to_action_text \" style=\"\">Vous souhaitez un renseignement ou un devis, sans obligation de votre part\u00a0?<\/div><\/div><div class=\"button_wrapper column2\"><a itemprop=\"url\" href=\"mailto:mail@dolmetschteam.de\" class=\"qbutton white \" target=\"\" style=\"\" >Envoyer votre demande<\/a><\/div><\/div><\/div><\/div>[\/vc_column][\/vc_row]<\/p>\n<\/div>","protected":false},"excerpt":{"rendered":"<p>[vc_row css_animation=\u00a0\u00bb\u00a0\u00bb row_type=\u00a0\u00bbrow\u00a0\u00bb use_row_as_full_screen_section=\u00a0\u00bbno\u00a0\u00bb type=\u00a0\u00bbfull_width\u00a0\u00bb angled_section=\u00a0\u00bbno\u00a0\u00bb text_align=\u00a0\u00bbleft\u00a0\u00bb background_image_as_pattern=\u00a0\u00bbwithout_pattern\u00a0\u00bb][vc_column][vc_column_text] Des interpr\u00e8tes professionnels pour vos rencontres internationales [\/vc_column_text][\/vc_column][\/vc_row][vc_row css_animation=\u00a0\u00bb\u00a0\u00bb row_type=\u00a0\u00bbrow\u00a0\u00bb use_row_as_full_screen_section=\u00a0\u00bbno\u00a0\u00bb type=\u00a0\u00bbfull_width\u00a0\u00bb angled_section=\u00a0\u00bbno\u00a0\u00bb text_align=\u00a0\u00bbleft\u00a0\u00bb background_image_as_pattern=\u00a0\u00bbwithout_pattern\u00a0\u00bb][vc_column offset=\u00a0\u00bbvc_col-lg-6 vc_col-md-6 vc_col-xs-12&Prime;][vc_column_text]Une communication optimale entre les participants est la cl\u00e9 de la r\u00e9ussite d\u2019un congr\u00e8s. Une r\u00e9ussite qui ne devrait pas&#8230;<\/p>\n","protected":false},"author":1,"featured_media":0,"parent":0,"menu_order":210,"comment_status":"closed","ping_status":"closed","template":"","meta":{"footnotes":""},"class_list":["post-16202","page","type-page","status-publish","hentry"],"yoast_head":"<!-- This site is optimized with the Yoast SEO plugin v27.2 - https:\/\/yoast.com\/product\/yoast-seo-wordpress\/ -->\n<title>Interpr\u00e8tes pour l&#039;anglais, fran\u00e7ais et autres langues du monde: l&#039;\u00e9quipe d&#039;interpr\u00e9tation<\/title>\n<meta name=\"description\" content=\"Si vous \u00eates \u00e0 la recherche d&#039;un interpr\u00e8te professionnel pour l&#039;anglais, le fran\u00e7ais et d&#039;autres langues parl\u00e9es bien, nous sommes votre premier choix.\" \/>\n<meta name=\"robots\" content=\"index, follow, max-snippet:-1, max-image-preview:large, max-video-preview:-1\" \/>\n<link rel=\"canonical\" href=\"https:\/\/www.dolmetschteam.de\/leistungen\/\" \/>\n<meta property=\"og:locale\" content=\"fr_FR\" \/>\n<meta property=\"og:type\" content=\"article\" \/>\n<meta property=\"og:title\" content=\"Interpr\u00e8tes pour l&#039;anglais, fran\u00e7ais et autres langues du monde: l&#039;\u00e9quipe d&#039;interpr\u00e9tation\" \/>\n<meta property=\"og:description\" content=\"Si vous \u00eates \u00e0 la recherche d&#039;un interpr\u00e8te professionnel pour l&#039;anglais, le fran\u00e7ais et d&#039;autres langues parl\u00e9es bien, nous sommes votre premier choix.\" \/>\n<meta property=\"og:url\" content=\"https:\/\/www.dolmetschteam.de\/leistungen\/\" \/>\n<meta property=\"og:site_name\" content=\"Dolmetschteam\" \/>\n<meta property=\"article:modified_time\" content=\"2023-09-15T13:15:46+00:00\" \/>\n<meta name=\"twitter:card\" content=\"summary_large_image\" \/>\n<meta name=\"twitter:label1\" content=\"Dur\u00e9e de lecture estim\u00e9e\" \/>\n\t<meta name=\"twitter:data1\" content=\"3 minutes\" \/>\n<script type=\"application\/ld+json\" class=\"yoast-schema-graph\">{\"@context\":\"https:\/\/schema.org\",\"@graph\":[{\"@type\":\"WebPage\",\"@id\":\"https:\/\/www.dolmetschteam.de\/leistungen\/\",\"url\":\"https:\/\/www.dolmetschteam.de\/leistungen\/\",\"name\":\"Interpr\u00e8tes pour l'anglais, fran\u00e7ais et autres langues du monde: l'\u00e9quipe d'interpr\u00e9tation\",\"isPartOf\":{\"@id\":\"https:\/\/www.dolmetschteam.de\/#website\"},\"datePublished\":\"2017-03-27T13:12:28+00:00\",\"dateModified\":\"2023-09-15T13:15:46+00:00\",\"description\":\"Si vous \u00eates \u00e0 la recherche d'un interpr\u00e8te professionnel pour l'anglais, le fran\u00e7ais et d'autres langues parl\u00e9es bien, nous sommes votre premier choix.\",\"breadcrumb\":{\"@id\":\"https:\/\/www.dolmetschteam.de\/leistungen\/#breadcrumb\"},\"inLanguage\":\"fr-FR\",\"potentialAction\":[{\"@type\":\"ReadAction\",\"target\":[\"https:\/\/www.dolmetschteam.de\/leistungen\/\"]}]},{\"@type\":\"BreadcrumbList\",\"@id\":\"https:\/\/www.dolmetschteam.de\/leistungen\/#breadcrumb\",\"itemListElement\":[{\"@type\":\"ListItem\",\"position\":1,\"name\":\"Home\",\"item\":\"https:\/\/www.dolmetschteam.de\/fr\/\"},{\"@type\":\"ListItem\",\"position\":2,\"name\":\"Prestations\"}]},{\"@type\":\"WebSite\",\"@id\":\"https:\/\/www.dolmetschteam.de\/#website\",\"url\":\"https:\/\/www.dolmetschteam.de\/\",\"name\":\"Dolmetschteam\",\"description\":\"Professionelle Dolmetscher f\u00fcr Ihre internationale Veranstaltung\",\"potentialAction\":[{\"@type\":\"SearchAction\",\"target\":{\"@type\":\"EntryPoint\",\"urlTemplate\":\"https:\/\/www.dolmetschteam.de\/?s={search_term_string}\"},\"query-input\":{\"@type\":\"PropertyValueSpecification\",\"valueRequired\":true,\"valueName\":\"search_term_string\"}}],\"inLanguage\":\"fr-FR\"}]}<\/script>\n<!-- \/ Yoast SEO plugin. -->","yoast_head_json":{"title":"Interpr\u00e8tes pour l'anglais, fran\u00e7ais et autres langues du monde: l'\u00e9quipe d'interpr\u00e9tation","description":"Si vous \u00eates \u00e0 la recherche d'un interpr\u00e8te professionnel pour l'anglais, le fran\u00e7ais et d'autres langues parl\u00e9es bien, nous sommes votre premier choix.","robots":{"index":"index","follow":"follow","max-snippet":"max-snippet:-1","max-image-preview":"max-image-preview:large","max-video-preview":"max-video-preview:-1"},"canonical":"https:\/\/www.dolmetschteam.de\/leistungen\/","og_locale":"fr_FR","og_type":"article","og_title":"Interpr\u00e8tes pour l'anglais, fran\u00e7ais et autres langues du monde: l'\u00e9quipe d'interpr\u00e9tation","og_description":"Si vous \u00eates \u00e0 la recherche d'un interpr\u00e8te professionnel pour l'anglais, le fran\u00e7ais et d'autres langues parl\u00e9es bien, nous sommes votre premier choix.","og_url":"https:\/\/www.dolmetschteam.de\/leistungen\/","og_site_name":"Dolmetschteam","article_modified_time":"2023-09-15T13:15:46+00:00","twitter_card":"summary_large_image","twitter_misc":{"Dur\u00e9e de lecture estim\u00e9e":"3 minutes"},"schema":{"@context":"https:\/\/schema.org","@graph":[{"@type":"WebPage","@id":"https:\/\/www.dolmetschteam.de\/leistungen\/","url":"https:\/\/www.dolmetschteam.de\/leistungen\/","name":"Interpr\u00e8tes pour l'anglais, fran\u00e7ais et autres langues du monde: l'\u00e9quipe d'interpr\u00e9tation","isPartOf":{"@id":"https:\/\/www.dolmetschteam.de\/#website"},"datePublished":"2017-03-27T13:12:28+00:00","dateModified":"2023-09-15T13:15:46+00:00","description":"Si vous \u00eates \u00e0 la recherche d'un interpr\u00e8te professionnel pour l'anglais, le fran\u00e7ais et d'autres langues parl\u00e9es bien, nous sommes votre premier choix.","breadcrumb":{"@id":"https:\/\/www.dolmetschteam.de\/leistungen\/#breadcrumb"},"inLanguage":"fr-FR","potentialAction":[{"@type":"ReadAction","target":["https:\/\/www.dolmetschteam.de\/leistungen\/"]}]},{"@type":"BreadcrumbList","@id":"https:\/\/www.dolmetschteam.de\/leistungen\/#breadcrumb","itemListElement":[{"@type":"ListItem","position":1,"name":"Home","item":"https:\/\/www.dolmetschteam.de\/fr\/"},{"@type":"ListItem","position":2,"name":"Prestations"}]},{"@type":"WebSite","@id":"https:\/\/www.dolmetschteam.de\/#website","url":"https:\/\/www.dolmetschteam.de\/","name":"Dolmetschteam","description":"Professionelle Dolmetscher f\u00fcr Ihre internationale Veranstaltung","potentialAction":[{"@type":"SearchAction","target":{"@type":"EntryPoint","urlTemplate":"https:\/\/www.dolmetschteam.de\/?s={search_term_string}"},"query-input":{"@type":"PropertyValueSpecification","valueRequired":true,"valueName":"search_term_string"}}],"inLanguage":"fr-FR"}]}},"_links":{"self":[{"href":"https:\/\/www.dolmetschteam.de\/fr\/wp-json\/wp\/v2\/pages\/16202","targetHints":{"allow":["GET"]}}],"collection":[{"href":"https:\/\/www.dolmetschteam.de\/fr\/wp-json\/wp\/v2\/pages"}],"about":[{"href":"https:\/\/www.dolmetschteam.de\/fr\/wp-json\/wp\/v2\/types\/page"}],"author":[{"embeddable":true,"href":"https:\/\/www.dolmetschteam.de\/fr\/wp-json\/wp\/v2\/users\/1"}],"replies":[{"embeddable":true,"href":"https:\/\/www.dolmetschteam.de\/fr\/wp-json\/wp\/v2\/comments?post=16202"}],"version-history":[{"count":4,"href":"https:\/\/www.dolmetschteam.de\/fr\/wp-json\/wp\/v2\/pages\/16202\/revisions"}],"predecessor-version":[{"id":16721,"href":"https:\/\/www.dolmetschteam.de\/fr\/wp-json\/wp\/v2\/pages\/16202\/revisions\/16721"}],"wp:attachment":[{"href":"https:\/\/www.dolmetschteam.de\/fr\/wp-json\/wp\/v2\/media?parent=16202"}],"curies":[{"name":"wp","href":"https:\/\/api.w.org\/{rel}","templated":true}]}}