{"id":16182,"date":"2017-03-27T15:13:15","date_gmt":"2017-03-27T13:13:15","guid":{"rendered":"http:\/\/www.dolmetschteam.de\/fachgebiete\/"},"modified":"2023-09-15T15:24:41","modified_gmt":"2023-09-15T13:24:41","slug":"domaines-de-specialisation","status":"publish","type":"page","link":"https:\/\/www.dolmetschteam.de\/fr\/domaines-de-specialisation\/","title":{"rendered":"Domaines de sp\u00e9cialisation"},"content":{"rendered":"<div class=\"wpb-content-wrapper\"><p>[vc_row css_animation=\u00a0\u00bb\u00a0\u00bb row_type=\u00a0\u00bbrow\u00a0\u00bb use_row_as_full_screen_section=\u00a0\u00bbno\u00a0\u00bb type=\u00a0\u00bbfull_width\u00a0\u00bb angled_section=\u00a0\u00bbno\u00a0\u00bb text_align=\u00a0\u00bbleft\u00a0\u00bb background_image_as_pattern=\u00a0\u00bbwithout_pattern\u00a0\u00bb][vc_column][vc_column_text]<\/p>\n<h1>\u00c0 l\u2019aise dans les domaines les plus divers<\/h1>\n<p>[\/vc_column_text][\/vc_column][\/vc_row][vc_row css_animation=\u00a0\u00bb\u00a0\u00bb row_type=\u00a0\u00bbrow\u00a0\u00bb use_row_as_full_screen_section=\u00a0\u00bbno\u00a0\u00bb type=\u00a0\u00bbfull_width\u00a0\u00bb angled_section=\u00a0\u00bbno\u00a0\u00bb text_align=\u00a0\u00bbleft\u00a0\u00bb background_image_as_pattern=\u00a0\u00bbwithout_pattern\u00a0\u00bb][vc_column width=\u00a0\u00bb2\/3&Prime;][vc_column_text]J\u2019ai travaill\u00e9 \u00e0 plusieurs reprises dans une multitude de domaines sp\u00e9cialis\u00e9s tr\u00e8s divers, et notamment\u00a0:<\/p>\n<ul>\n<li>S\u00e9curit\u00e9 et la sant\u00e9 au travail et normalisation<\/li>\n<li>Banques et assurances<\/li>\n<li>Industrie de l\u2019acier, de l\u2019aluminium et de l\u2019automobile<\/li>\n<li>Distribution<\/li>\n<li>Ost\u00e9opathie<\/li>\n<li>Gestion des d\u00e9chets<\/li>\n<li>BTP<\/li>\n<li>Logement\/Urbanisme<\/li>\n<li>Construction navale<\/li>\n<li>Technique militaire<\/li>\n<li>Projets SAP<\/li>\n<\/ul>\n<p>[\/vc_column_text][vc_column_text css=\u00a0\u00bb.vc_custom_1492678932731{margin-top: 20px !important;}\u00a0\u00bb]Votre sp\u00e9cialit\u00e9 ne figure pas dans la liste\u00a0? N\u2019h\u00e9sitez pas \u00e0 me contacter\u00a0: je suis en mesure de me familiariser avec tout nouveau sujet, rapidement et soigneusement, et je le ferai volontiers.[\/vc_column_text][\/vc_column][vc_column width=\u00a0\u00bb1\/3&Prime;][\/vc_column][\/vc_row][vc_row css_animation=\u00a0\u00bb\u00a0\u00bb row_type=\u00a0\u00bbrow\u00a0\u00bb use_row_as_full_screen_section=\u00a0\u00bbno\u00a0\u00bb type=\u00a0\u00bbfull_width\u00a0\u00bb angled_section=\u00a0\u00bbno\u00a0\u00bb text_align=\u00a0\u00bbleft\u00a0\u00bb background_image_as_pattern=\u00a0\u00bbwithout_pattern\u00a0\u00bb][vc_column][\/vc_column][\/vc_row]<\/p>\n<\/div>","protected":false},"excerpt":{"rendered":"<p>[vc_row css_animation=\u00a0\u00bb\u00a0\u00bb row_type=\u00a0\u00bbrow\u00a0\u00bb use_row_as_full_screen_section=\u00a0\u00bbno\u00a0\u00bb type=\u00a0\u00bbfull_width\u00a0\u00bb angled_section=\u00a0\u00bbno\u00a0\u00bb text_align=\u00a0\u00bbleft\u00a0\u00bb background_image_as_pattern=\u00a0\u00bbwithout_pattern\u00a0\u00bb][vc_column][vc_column_text] \u00c0 l\u2019aise dans les domaines les plus divers [\/vc_column_text][\/vc_column][\/vc_row][vc_row css_animation=\u00a0\u00bb\u00a0\u00bb row_type=\u00a0\u00bbrow\u00a0\u00bb use_row_as_full_screen_section=\u00a0\u00bbno\u00a0\u00bb type=\u00a0\u00bbfull_width\u00a0\u00bb angled_section=\u00a0\u00bbno\u00a0\u00bb text_align=\u00a0\u00bbleft\u00a0\u00bb background_image_as_pattern=\u00a0\u00bbwithout_pattern\u00a0\u00bb][vc_column width=\u00a0\u00bb2\/3&Prime;][vc_column_text]J\u2019ai travaill\u00e9 \u00e0 plusieurs reprises dans une multitude de domaines sp\u00e9cialis\u00e9s tr\u00e8s divers, et notamment\u00a0: S\u00e9curit\u00e9 et la sant\u00e9 au travail&#8230;<\/p>\n","protected":false},"author":1,"featured_media":0,"parent":0,"menu_order":340,"comment_status":"closed","ping_status":"closed","template":"","meta":{"footnotes":""},"class_list":["post-16182","page","type-page","status-publish","hentry"],"yoast_head":"<!-- This site is optimized with the Yoast SEO plugin v27.2 - https:\/\/yoast.com\/product\/yoast-seo-wordpress\/ -->\n<title>Domaines de sp\u00e9cialisation : Dolmetsch-Team<\/title>\n<meta name=\"description\" content=\"J\u2019ai travaill\u00e9 \u00e0 plusieurs reprises dans une multitude de domaines sp\u00e9cialis\u00e9s tr\u00e8s divers, et notamment.\" \/>\n<meta name=\"robots\" content=\"index, follow, max-snippet:-1, max-image-preview:large, max-video-preview:-1\" \/>\n<link rel=\"canonical\" href=\"https:\/\/www.dolmetschteam.de\/fachgebiete\/\" \/>\n<meta property=\"og:locale\" content=\"fr_FR\" \/>\n<meta property=\"og:type\" content=\"article\" \/>\n<meta property=\"og:title\" content=\"Domaines de sp\u00e9cialisation : Dolmetsch-Team\" \/>\n<meta property=\"og:description\" content=\"J\u2019ai travaill\u00e9 \u00e0 plusieurs reprises dans une multitude de domaines sp\u00e9cialis\u00e9s tr\u00e8s divers, et notamment.\" \/>\n<meta property=\"og:url\" content=\"https:\/\/www.dolmetschteam.de\/fachgebiete\/\" \/>\n<meta property=\"og:site_name\" content=\"Dolmetschteam\" \/>\n<meta property=\"article:modified_time\" content=\"2023-09-15T13:24:41+00:00\" \/>\n<meta name=\"twitter:card\" content=\"summary_large_image\" \/>\n<meta name=\"twitter:label1\" content=\"Dur\u00e9e de lecture estim\u00e9e\" \/>\n\t<meta name=\"twitter:data1\" content=\"1 minute\" \/>\n<script type=\"application\/ld+json\" class=\"yoast-schema-graph\">{\"@context\":\"https:\/\/schema.org\",\"@graph\":[{\"@type\":\"WebPage\",\"@id\":\"https:\/\/www.dolmetschteam.de\/fachgebiete\/\",\"url\":\"https:\/\/www.dolmetschteam.de\/fachgebiete\/\",\"name\":\"Domaines de sp\u00e9cialisation : Dolmetsch-Team\",\"isPartOf\":{\"@id\":\"https:\/\/www.dolmetschteam.de\/#website\"},\"datePublished\":\"2017-03-27T13:13:15+00:00\",\"dateModified\":\"2023-09-15T13:24:41+00:00\",\"description\":\"J\u2019ai travaill\u00e9 \u00e0 plusieurs reprises dans une multitude de domaines sp\u00e9cialis\u00e9s tr\u00e8s divers, et notamment.\",\"breadcrumb\":{\"@id\":\"https:\/\/www.dolmetschteam.de\/fachgebiete\/#breadcrumb\"},\"inLanguage\":\"fr-FR\",\"potentialAction\":[{\"@type\":\"ReadAction\",\"target\":[\"https:\/\/www.dolmetschteam.de\/fachgebiete\/\"]}]},{\"@type\":\"BreadcrumbList\",\"@id\":\"https:\/\/www.dolmetschteam.de\/fachgebiete\/#breadcrumb\",\"itemListElement\":[{\"@type\":\"ListItem\",\"position\":1,\"name\":\"Home\",\"item\":\"https:\/\/www.dolmetschteam.de\/fr\/\"},{\"@type\":\"ListItem\",\"position\":2,\"name\":\"Domaines de sp\u00e9cialisation\"}]},{\"@type\":\"WebSite\",\"@id\":\"https:\/\/www.dolmetschteam.de\/#website\",\"url\":\"https:\/\/www.dolmetschteam.de\/\",\"name\":\"Dolmetschteam\",\"description\":\"Professionelle Dolmetscher f\u00fcr Ihre internationale Veranstaltung\",\"potentialAction\":[{\"@type\":\"SearchAction\",\"target\":{\"@type\":\"EntryPoint\",\"urlTemplate\":\"https:\/\/www.dolmetschteam.de\/?s={search_term_string}\"},\"query-input\":{\"@type\":\"PropertyValueSpecification\",\"valueRequired\":true,\"valueName\":\"search_term_string\"}}],\"inLanguage\":\"fr-FR\"}]}<\/script>\n<!-- \/ Yoast SEO plugin. -->","yoast_head_json":{"title":"Domaines de sp\u00e9cialisation : Dolmetsch-Team","description":"J\u2019ai travaill\u00e9 \u00e0 plusieurs reprises dans une multitude de domaines sp\u00e9cialis\u00e9s tr\u00e8s divers, et notamment.","robots":{"index":"index","follow":"follow","max-snippet":"max-snippet:-1","max-image-preview":"max-image-preview:large","max-video-preview":"max-video-preview:-1"},"canonical":"https:\/\/www.dolmetschteam.de\/fachgebiete\/","og_locale":"fr_FR","og_type":"article","og_title":"Domaines de sp\u00e9cialisation : Dolmetsch-Team","og_description":"J\u2019ai travaill\u00e9 \u00e0 plusieurs reprises dans une multitude de domaines sp\u00e9cialis\u00e9s tr\u00e8s divers, et notamment.","og_url":"https:\/\/www.dolmetschteam.de\/fachgebiete\/","og_site_name":"Dolmetschteam","article_modified_time":"2023-09-15T13:24:41+00:00","twitter_card":"summary_large_image","twitter_misc":{"Dur\u00e9e de lecture estim\u00e9e":"1 minute"},"schema":{"@context":"https:\/\/schema.org","@graph":[{"@type":"WebPage","@id":"https:\/\/www.dolmetschteam.de\/fachgebiete\/","url":"https:\/\/www.dolmetschteam.de\/fachgebiete\/","name":"Domaines de sp\u00e9cialisation : Dolmetsch-Team","isPartOf":{"@id":"https:\/\/www.dolmetschteam.de\/#website"},"datePublished":"2017-03-27T13:13:15+00:00","dateModified":"2023-09-15T13:24:41+00:00","description":"J\u2019ai travaill\u00e9 \u00e0 plusieurs reprises dans une multitude de domaines sp\u00e9cialis\u00e9s tr\u00e8s divers, et notamment.","breadcrumb":{"@id":"https:\/\/www.dolmetschteam.de\/fachgebiete\/#breadcrumb"},"inLanguage":"fr-FR","potentialAction":[{"@type":"ReadAction","target":["https:\/\/www.dolmetschteam.de\/fachgebiete\/"]}]},{"@type":"BreadcrumbList","@id":"https:\/\/www.dolmetschteam.de\/fachgebiete\/#breadcrumb","itemListElement":[{"@type":"ListItem","position":1,"name":"Home","item":"https:\/\/www.dolmetschteam.de\/fr\/"},{"@type":"ListItem","position":2,"name":"Domaines de sp\u00e9cialisation"}]},{"@type":"WebSite","@id":"https:\/\/www.dolmetschteam.de\/#website","url":"https:\/\/www.dolmetschteam.de\/","name":"Dolmetschteam","description":"Professionelle Dolmetscher f\u00fcr Ihre internationale Veranstaltung","potentialAction":[{"@type":"SearchAction","target":{"@type":"EntryPoint","urlTemplate":"https:\/\/www.dolmetschteam.de\/?s={search_term_string}"},"query-input":{"@type":"PropertyValueSpecification","valueRequired":true,"valueName":"search_term_string"}}],"inLanguage":"fr-FR"}]}},"_links":{"self":[{"href":"https:\/\/www.dolmetschteam.de\/fr\/wp-json\/wp\/v2\/pages\/16182","targetHints":{"allow":["GET"]}}],"collection":[{"href":"https:\/\/www.dolmetschteam.de\/fr\/wp-json\/wp\/v2\/pages"}],"about":[{"href":"https:\/\/www.dolmetschteam.de\/fr\/wp-json\/wp\/v2\/types\/page"}],"author":[{"embeddable":true,"href":"https:\/\/www.dolmetschteam.de\/fr\/wp-json\/wp\/v2\/users\/1"}],"replies":[{"embeddable":true,"href":"https:\/\/www.dolmetschteam.de\/fr\/wp-json\/wp\/v2\/comments?post=16182"}],"version-history":[{"count":4,"href":"https:\/\/www.dolmetschteam.de\/fr\/wp-json\/wp\/v2\/pages\/16182\/revisions"}],"predecessor-version":[{"id":16735,"href":"https:\/\/www.dolmetschteam.de\/fr\/wp-json\/wp\/v2\/pages\/16182\/revisions\/16735"}],"wp:attachment":[{"href":"https:\/\/www.dolmetschteam.de\/fr\/wp-json\/wp\/v2\/media?parent=16182"}],"curies":[{"name":"wp","href":"https:\/\/api.w.org\/{rel}","templated":true}]}}