{"id":16178,"date":"2017-03-27T15:16:21","date_gmt":"2017-03-27T13:16:21","guid":{"rendered":"http:\/\/www.dolmetschteam.de\/einsatzorte\/"},"modified":"2023-09-15T15:23:29","modified_gmt":"2023-09-15T13:23:29","slug":"lieux-d-intervention","status":"publish","type":"page","link":"https:\/\/www.dolmetschteam.de\/fr\/lieux-d-intervention\/","title":{"rendered":"Lieux d\u2019intervention"},"content":{"rendered":"<div class=\"wpb-content-wrapper\"><p>[vc_row css_animation=\u00a0\u00bb\u00a0\u00bb row_type=\u00a0\u00bbrow\u00a0\u00bb use_row_as_full_screen_section=\u00a0\u00bbno\u00a0\u00bb type=\u00a0\u00bbfull_width\u00a0\u00bb angled_section=\u00a0\u00bbno\u00a0\u00bb text_align=\u00a0\u00bbleft\u00a0\u00bb background_image_as_pattern=\u00a0\u00bbwithout_pattern\u00a0\u00bb][vc_column][vc_column_text]<\/p>\n<h1>Conf\u00e9rences, n\u00e9gociations et congr\u00e8s \u2013 en Rh\u00e9nanie du Nord-Westphalie, en Allemagne, en Europe et en Afrique<\/h1>\n<p>[\/vc_column_text][\/vc_column][\/vc_row][vc_row css_animation=\u00a0\u00bb\u00a0\u00bb row_type=\u00a0\u00bbrow\u00a0\u00bb use_row_as_full_screen_section=\u00a0\u00bbno\u00a0\u00bb type=\u00a0\u00bbfull_width\u00a0\u00bb angled_section=\u00a0\u00bbno\u00a0\u00bb text_align=\u00a0\u00bbleft\u00a0\u00bb background_image_as_pattern=\u00a0\u00bbwithout_pattern\u00a0\u00bb css=\u00a0\u00bb.vc_custom_1490792907440{margin-bottom: 20px !important;}\u00a0\u00bb][vc_column width=\u00a0\u00bb1\/2&Prime;][vc_column_text css=\u00a0\u00bb.vc_custom_1492679191771{margin-bottom: 20px !important;}\u00a0\u00bb]Les interpr\u00e8tes interviennent rarement seuls\u00a0: ils sont en bin\u00f4me lorsqu\u2019ils travaillent en cabine, mais peuvent aussi faire partie d\u2019une \u00e9quipe de 30 interpr\u00e8tes simultan\u00e9s, de traducteurs, d\u2019interpr\u00e8tes en langue des signes pour un congr\u00e8s international comportant des s\u00e9ances pl\u00e9ni\u00e8res et des sessions th\u00e9matiques. Nous constituons pour vous l\u2019\u00e9quipe id\u00e9ale, en fonction des combinaisons linguistiques, du th\u00e8me et du lieu de la manifestation, et, si n\u00e9cessaire, en travaillant avec une entreprise partenaire pour la fourniture du mat\u00e9riel.<\/p>\n<p>Vous avez l\u2019avantage de n\u2019avoir \u00e0 traiter qu\u2019avec un seul prestataire\u00a0: nous nous chargeons de coordonner tous les services et veillons \u00e0 assurer une communication fluide, avant et pendant la manifestation.<\/p>\n<p>Vous h\u00e9sitez encore, ne sachant pas s\u2019il est pr\u00e9f\u00e9rable que l\u2019\u00e9v\u00e9nement ait lieu dans vos propres locaux ou dans un h\u00f4tel ou centre de congr\u00e8s\u00a0? N\u2019h\u00e9sitez pas \u00e0 m\u2019en parler. Vous serez surpris du peu de place que n\u00e9cessite l\u2019installation d\u2019une cabine d\u2019interpr\u00e9tation.[\/vc_column_text][vc_column_text]Je suis bas\u00e9e \u00e0 Cologne, mais j\u2019interviens dans toute l\u2019Allemagne \u2013 et dans d\u2019autres pays, en Europe et en Afrique du Nord.[\/vc_column_text][\/vc_column][vc_column width=\u00a0\u00bb1\/2&Prime;][vc_column_text]Voici quelques exemples d\u2019\u00e9v\u00e9nements lors desquels j\u2019interviens r\u00e9guli\u00e8rement\u00a0:<\/p>\n<ul>\n<li>R\u00e9unions de conseils de surveillance et de leurs comit\u00e9s<\/li>\n<li>N\u00e9gociations de contrats<\/li>\n<li>Formations informatiques<\/li>\n<li>Conf\u00e9rences de presse<\/li>\n<li>R\u00e9unions de comit\u00e9s d\u2019entreprise europ\u00e9ens<\/li>\n<li>Remise de r\u00e9compenses<\/li>\n<li>R\u00e9unions de commerciaux<\/li>\n<li>D\u00e9bats politiques t\u00e9l\u00e9vis\u00e9s<\/li>\n<li>Conf\u00e9rences, symposiums, congr\u00e8s et autres manifestations de grande envergure<\/li>\n<\/ul>\n<p>[\/vc_column_text][\/vc_column][\/vc_row][vc_row css_animation=\u00a0\u00bb\u00a0\u00bb row_type=\u00a0\u00bbrow\u00a0\u00bb use_row_as_full_screen_section=\u00a0\u00bbno\u00a0\u00bb type=\u00a0\u00bbfull_width\u00a0\u00bb angled_section=\u00a0\u00bbno\u00a0\u00bb text_align=\u00a0\u00bbleft\u00a0\u00bb background_image_as_pattern=\u00a0\u00bbwithout_pattern\u00a0\u00bb][vc_column]<div class=\"container_inner\"><div class=\"call_to_action with_icon\" style=\"background-color: #ffffff;border-top: 1px solid #eeeeee;\"><div class=\"two_columns_75_25 clearfix\"><div class=\"text_wrapper column1\"><div class=\"call_to_action_icon_holder\"><div class=\"call_to_action_icon\"><div class=\"call_to_action_icon_inner\"><i class='fa fa-info-circle pull-left . fa-2x' style=&#039;color: #ff8e2c;&#039;><\/i><\/div><\/div><\/div><div class=\"call_to_action_text \" style=\"\">Vous souhaitez un renseignement ou un devis, sans obligation de votre part?<\/div><\/div><div class=\"button_wrapper column2\"><a itemprop=\"url\" href=\"mailto:mail@dolmetschteam.de\" class=\"qbutton white \" target=\"\" style=\"\" >Envoyer votre demande<\/a><\/div><\/div><\/div><\/div>[\/vc_column][\/vc_row]<\/p>\n<\/div>","protected":false},"excerpt":{"rendered":"<p>[vc_row css_animation=\u00a0\u00bb\u00a0\u00bb row_type=\u00a0\u00bbrow\u00a0\u00bb use_row_as_full_screen_section=\u00a0\u00bbno\u00a0\u00bb type=\u00a0\u00bbfull_width\u00a0\u00bb angled_section=\u00a0\u00bbno\u00a0\u00bb text_align=\u00a0\u00bbleft\u00a0\u00bb background_image_as_pattern=\u00a0\u00bbwithout_pattern\u00a0\u00bb][vc_column][vc_column_text] Conf\u00e9rences, n\u00e9gociations et congr\u00e8s \u2013 en Rh\u00e9nanie du Nord-Westphalie, en Allemagne, en Europe et en Afrique [\/vc_column_text][\/vc_column][\/vc_row][vc_row css_animation=\u00a0\u00bb\u00a0\u00bb row_type=\u00a0\u00bbrow\u00a0\u00bb use_row_as_full_screen_section=\u00a0\u00bbno\u00a0\u00bb type=\u00a0\u00bbfull_width\u00a0\u00bb angled_section=\u00a0\u00bbno\u00a0\u00bb text_align=\u00a0\u00bbleft\u00a0\u00bb background_image_as_pattern=\u00a0\u00bbwithout_pattern\u00a0\u00bb css=\u00a0\u00bb.vc_custom_1490792907440{margin-bottom: 20px !important;}\u00a0\u00bb][vc_column width=\u00a0\u00bb1\/2&Prime;][vc_column_text css=\u00a0\u00bb.vc_custom_1492679191771{margin-bottom: 20px !important;}\u00a0\u00bb]Les interpr\u00e8tes interviennent rarement seuls\u00a0: ils sont&#8230;<\/p>\n","protected":false},"author":1,"featured_media":0,"parent":0,"menu_order":330,"comment_status":"closed","ping_status":"closed","template":"","meta":{"footnotes":""},"class_list":["post-16178","page","type-page","status-publish","hentry"],"yoast_head":"<!-- This site is optimized with the Yoast SEO plugin v27.2 - https:\/\/yoast.com\/product\/yoast-seo-wordpress\/ -->\n<title>Conf\u00e9rences, audiences et r\u00e9unions - en Allemagne, en Europe et en Afrique<\/title>\n<meta name=\"description\" content=\"Je suis bas\u00e9e \u00e0 Cologne, mais j\u2019interviens dans toute l\u2019Allemagne \u2013 et dans d\u2019autres pays, en Europe et en Afrique du Nord je travaille pour manifestation.\" \/>\n<meta name=\"robots\" content=\"index, follow, max-snippet:-1, max-image-preview:large, max-video-preview:-1\" \/>\n<link rel=\"canonical\" href=\"https:\/\/www.dolmetschteam.de\/einsatzorte\/\" \/>\n<meta property=\"og:locale\" content=\"fr_FR\" \/>\n<meta property=\"og:type\" content=\"article\" \/>\n<meta property=\"og:title\" content=\"Conf\u00e9rences, audiences et r\u00e9unions - en Allemagne, en Europe et en Afrique\" \/>\n<meta property=\"og:description\" content=\"Je suis bas\u00e9e \u00e0 Cologne, mais j\u2019interviens dans toute l\u2019Allemagne \u2013 et dans d\u2019autres pays, en Europe et en Afrique du Nord je travaille pour manifestation.\" \/>\n<meta property=\"og:url\" content=\"https:\/\/www.dolmetschteam.de\/einsatzorte\/\" \/>\n<meta property=\"og:site_name\" content=\"Dolmetschteam\" \/>\n<meta property=\"article:modified_time\" content=\"2023-09-15T13:23:29+00:00\" \/>\n<meta name=\"twitter:card\" content=\"summary_large_image\" \/>\n<meta name=\"twitter:label1\" content=\"Dur\u00e9e de lecture estim\u00e9e\" \/>\n\t<meta name=\"twitter:data1\" content=\"2 minutes\" \/>\n<script type=\"application\/ld+json\" class=\"yoast-schema-graph\">{\"@context\":\"https:\/\/schema.org\",\"@graph\":[{\"@type\":\"WebPage\",\"@id\":\"https:\/\/www.dolmetschteam.de\/einsatzorte\/\",\"url\":\"https:\/\/www.dolmetschteam.de\/einsatzorte\/\",\"name\":\"Conf\u00e9rences, audiences et r\u00e9unions - en Allemagne, en Europe et en Afrique\",\"isPartOf\":{\"@id\":\"https:\/\/www.dolmetschteam.de\/#website\"},\"datePublished\":\"2017-03-27T13:16:21+00:00\",\"dateModified\":\"2023-09-15T13:23:29+00:00\",\"description\":\"Je suis bas\u00e9e \u00e0 Cologne, mais j\u2019interviens dans toute l\u2019Allemagne \u2013 et dans d\u2019autres pays, en Europe et en Afrique du Nord je travaille pour manifestation.\",\"breadcrumb\":{\"@id\":\"https:\/\/www.dolmetschteam.de\/einsatzorte\/#breadcrumb\"},\"inLanguage\":\"fr-FR\",\"potentialAction\":[{\"@type\":\"ReadAction\",\"target\":[\"https:\/\/www.dolmetschteam.de\/einsatzorte\/\"]}]},{\"@type\":\"BreadcrumbList\",\"@id\":\"https:\/\/www.dolmetschteam.de\/einsatzorte\/#breadcrumb\",\"itemListElement\":[{\"@type\":\"ListItem\",\"position\":1,\"name\":\"Home\",\"item\":\"https:\/\/www.dolmetschteam.de\/fr\/\"},{\"@type\":\"ListItem\",\"position\":2,\"name\":\"Lieux d\u2019intervention\"}]},{\"@type\":\"WebSite\",\"@id\":\"https:\/\/www.dolmetschteam.de\/#website\",\"url\":\"https:\/\/www.dolmetschteam.de\/\",\"name\":\"Dolmetschteam\",\"description\":\"Professionelle Dolmetscher f\u00fcr Ihre internationale Veranstaltung\",\"potentialAction\":[{\"@type\":\"SearchAction\",\"target\":{\"@type\":\"EntryPoint\",\"urlTemplate\":\"https:\/\/www.dolmetschteam.de\/?s={search_term_string}\"},\"query-input\":{\"@type\":\"PropertyValueSpecification\",\"valueRequired\":true,\"valueName\":\"search_term_string\"}}],\"inLanguage\":\"fr-FR\"}]}<\/script>\n<!-- \/ Yoast SEO plugin. -->","yoast_head_json":{"title":"Conf\u00e9rences, audiences et r\u00e9unions - en Allemagne, en Europe et en Afrique","description":"Je suis bas\u00e9e \u00e0 Cologne, mais j\u2019interviens dans toute l\u2019Allemagne \u2013 et dans d\u2019autres pays, en Europe et en Afrique du Nord je travaille pour manifestation.","robots":{"index":"index","follow":"follow","max-snippet":"max-snippet:-1","max-image-preview":"max-image-preview:large","max-video-preview":"max-video-preview:-1"},"canonical":"https:\/\/www.dolmetschteam.de\/einsatzorte\/","og_locale":"fr_FR","og_type":"article","og_title":"Conf\u00e9rences, audiences et r\u00e9unions - en Allemagne, en Europe et en Afrique","og_description":"Je suis bas\u00e9e \u00e0 Cologne, mais j\u2019interviens dans toute l\u2019Allemagne \u2013 et dans d\u2019autres pays, en Europe et en Afrique du Nord je travaille pour manifestation.","og_url":"https:\/\/www.dolmetschteam.de\/einsatzorte\/","og_site_name":"Dolmetschteam","article_modified_time":"2023-09-15T13:23:29+00:00","twitter_card":"summary_large_image","twitter_misc":{"Dur\u00e9e de lecture estim\u00e9e":"2 minutes"},"schema":{"@context":"https:\/\/schema.org","@graph":[{"@type":"WebPage","@id":"https:\/\/www.dolmetschteam.de\/einsatzorte\/","url":"https:\/\/www.dolmetschteam.de\/einsatzorte\/","name":"Conf\u00e9rences, audiences et r\u00e9unions - en Allemagne, en Europe et en Afrique","isPartOf":{"@id":"https:\/\/www.dolmetschteam.de\/#website"},"datePublished":"2017-03-27T13:16:21+00:00","dateModified":"2023-09-15T13:23:29+00:00","description":"Je suis bas\u00e9e \u00e0 Cologne, mais j\u2019interviens dans toute l\u2019Allemagne \u2013 et dans d\u2019autres pays, en Europe et en Afrique du Nord je travaille pour manifestation.","breadcrumb":{"@id":"https:\/\/www.dolmetschteam.de\/einsatzorte\/#breadcrumb"},"inLanguage":"fr-FR","potentialAction":[{"@type":"ReadAction","target":["https:\/\/www.dolmetschteam.de\/einsatzorte\/"]}]},{"@type":"BreadcrumbList","@id":"https:\/\/www.dolmetschteam.de\/einsatzorte\/#breadcrumb","itemListElement":[{"@type":"ListItem","position":1,"name":"Home","item":"https:\/\/www.dolmetschteam.de\/fr\/"},{"@type":"ListItem","position":2,"name":"Lieux d\u2019intervention"}]},{"@type":"WebSite","@id":"https:\/\/www.dolmetschteam.de\/#website","url":"https:\/\/www.dolmetschteam.de\/","name":"Dolmetschteam","description":"Professionelle Dolmetscher f\u00fcr Ihre internationale Veranstaltung","potentialAction":[{"@type":"SearchAction","target":{"@type":"EntryPoint","urlTemplate":"https:\/\/www.dolmetschteam.de\/?s={search_term_string}"},"query-input":{"@type":"PropertyValueSpecification","valueRequired":true,"valueName":"search_term_string"}}],"inLanguage":"fr-FR"}]}},"_links":{"self":[{"href":"https:\/\/www.dolmetschteam.de\/fr\/wp-json\/wp\/v2\/pages\/16178","targetHints":{"allow":["GET"]}}],"collection":[{"href":"https:\/\/www.dolmetschteam.de\/fr\/wp-json\/wp\/v2\/pages"}],"about":[{"href":"https:\/\/www.dolmetschteam.de\/fr\/wp-json\/wp\/v2\/types\/page"}],"author":[{"embeddable":true,"href":"https:\/\/www.dolmetschteam.de\/fr\/wp-json\/wp\/v2\/users\/1"}],"replies":[{"embeddable":true,"href":"https:\/\/www.dolmetschteam.de\/fr\/wp-json\/wp\/v2\/comments?post=16178"}],"version-history":[{"count":4,"href":"https:\/\/www.dolmetschteam.de\/fr\/wp-json\/wp\/v2\/pages\/16178\/revisions"}],"predecessor-version":[{"id":16733,"href":"https:\/\/www.dolmetschteam.de\/fr\/wp-json\/wp\/v2\/pages\/16178\/revisions\/16733"}],"wp:attachment":[{"href":"https:\/\/www.dolmetschteam.de\/fr\/wp-json\/wp\/v2\/media?parent=16178"}],"curies":[{"name":"wp","href":"https:\/\/api.w.org\/{rel}","templated":true}]}}